{"id":1305,"date":"2021-10-26T13:52:18","date_gmt":"2021-10-26T13:52:18","guid":{"rendered":"https:\/\/www.fratellicane.com\/?page_id=1305"},"modified":"2022-03-22T10:34:25","modified_gmt":"2022-03-22T10:34:25","slug":"altri-servizi","status":"publish","type":"page","link":"https:\/\/www.fratellicane.com\/de\/sonstige-dienstleistungen\/","title":{"rendered":"SONSTIGE DIENSTLEISTUNGEN"},"content":{"rendered":"\t\t<div data-elementor-type=\"wp-page\" data-elementor-id=\"1305\" class=\"elementor elementor-1305\">\n\t\t\t\t\t\t\t\t\t<section class=\"elementor-section elementor-top-section elementor-element elementor-element-6550c8a elementor-section-boxed elementor-section-height-default elementor-section-height-default\" data-id=\"6550c8a\" data-element_type=\"section\" data-settings=\"{&quot;background_background&quot;:&quot;classic&quot;}\">\n\t\t\t\t\t\t<div class=\"elementor-container elementor-column-gap-default\">\n\t\t\t\t\t<div class=\"elementor-column elementor-col-100 elementor-top-column elementor-element elementor-element-4e4e284\" data-id=\"4e4e284\" data-element_type=\"column\">\n\t\t\t<div class=\"elementor-widget-wrap elementor-element-populated\">\n\t\t\t\t\t\t\t\t<div class=\"elementor-element elementor-element-dfca655 elementor-widget elementor-widget-wp-widget-bcn_widget\" data-id=\"dfca655\" data-element_type=\"widget\" data-widget_type=\"wp-widget-bcn_widget.default\">\n\t\t\t\t<div class=\"elementor-widget-container\">\n\t\t\t<div class=\"breadcrumbs\" vocab=\"https:\/\/schema.org\/\" typeof=\"BreadcrumbList\"><!-- Breadcrumb NavXT 7.0.2 -->\n<span property=\"itemListElement\" typeof=\"ListItem\"><a property=\"item\" typeof=\"WebPage\" title=\"Vai a Fratelli Cane.\" href=\"https:\/\/www.fratellicane.com\/de\" class=\"home\" aria-current=\"page\"><span property=\"name\">Home<\/span><\/a><meta property=\"position\" content=\"1\"><\/span><\/div>\t\t<\/div>\n\t\t\t\t<\/div>\n\t\t\t\t<div class=\"elementor-element elementor-element-1527e2c elementor-widget elementor-widget-heading\" data-id=\"1527e2c\" data-element_type=\"widget\" data-widget_type=\"heading.default\">\n\t\t\t\t<div class=\"elementor-widget-container\">\n\t\t\t<style>\/*! elementor - v3.6.1 - 23-03-2022 *\/\n.elementor-heading-title{padding:0;margin:0;line-height:1}.elementor-widget-heading .elementor-heading-title[class*=elementor-size-]>a{color:inherit;font-size:inherit;line-height:inherit}.elementor-widget-heading .elementor-heading-title.elementor-size-small{font-size:15px}.elementor-widget-heading .elementor-heading-title.elementor-size-medium{font-size:19px}.elementor-widget-heading .elementor-heading-title.elementor-size-large{font-size:29px}.elementor-widget-heading .elementor-heading-title.elementor-size-xl{font-size:39px}.elementor-widget-heading .elementor-heading-title.elementor-size-xxl{font-size:59px}<\/style><h2 class=\"elementor-heading-title elementor-size-default\">SONSTIGE <span>DIENSTLEISTUNGEN<\/span><\/h2>\t\t<\/div>\n\t\t\t\t<\/div>\n\t\t\t\t<div class=\"elementor-element elementor-element-c74b5a4 elementor-widget elementor-widget-text-editor\" data-id=\"c74b5a4\" data-element_type=\"widget\" data-widget_type=\"text-editor.default\">\n\t\t\t\t<div class=\"elementor-widget-container\">\n\t\t\t<style>\/*! elementor - v3.6.1 - 23-03-2022 *\/\n.elementor-widget-text-editor.elementor-drop-cap-view-stacked .elementor-drop-cap{background-color:#818a91;color:#fff}.elementor-widget-text-editor.elementor-drop-cap-view-framed .elementor-drop-cap{color:#818a91;border:3px solid;background-color:transparent}.elementor-widget-text-editor:not(.elementor-drop-cap-view-default) .elementor-drop-cap{margin-top:8px}.elementor-widget-text-editor:not(.elementor-drop-cap-view-default) .elementor-drop-cap-letter{width:1em;height:1em}.elementor-widget-text-editor .elementor-drop-cap{float:left;text-align:center;line-height:1;font-size:50px}.elementor-widget-text-editor .elementor-drop-cap-letter{display:inline-block}<\/style>\t\t\t\t<p>Die folgenden zus\u00e4tzlichen Dienstleistungen stehen unseren Kunden zur Verf\u00fcgung:<\/p>\t\t\t\t\t\t<\/div>\n\t\t\t\t<\/div>\n\t\t\t\t<div class=\"elementor-element elementor-element-171ba8a elementor-widget elementor-widget-spacer\" data-id=\"171ba8a\" data-element_type=\"widget\" data-widget_type=\"spacer.default\">\n\t\t\t\t<div class=\"elementor-widget-container\">\n\t\t\t<style>\/*! elementor - v3.6.1 - 23-03-2022 *\/\n.e-container.e-container--row .elementor-spacer-inner{width:var(--spacer-size)}.e-container.e-container--column .elementor-spacer-inner,.elementor-column .elementor-spacer-inner{height:var(--spacer-size)}<\/style>\t\t<div class=\"elementor-spacer\">\n\t\t\t<div class=\"elementor-spacer-inner\"><\/div>\n\t\t<\/div>\n\t\t\t\t<\/div>\n\t\t\t\t<\/div>\n\t\t\t\t<section class=\"elementor-section elementor-inner-section elementor-element elementor-element-560add1 elementor-section-boxed elementor-section-height-default elementor-section-height-default\" data-id=\"560add1\" data-element_type=\"section\">\n\t\t\t\t\t\t<div class=\"elementor-container elementor-column-gap-default\">\n\t\t\t\t\t<div class=\"elementor-column elementor-col-33 elementor-inner-column elementor-element elementor-element-92ed028\" data-id=\"92ed028\" data-element_type=\"column\" data-settings=\"{&quot;background_background&quot;:&quot;classic&quot;}\">\n\t\t\t<div class=\"elementor-widget-wrap elementor-element-populated\">\n\t\t\t\t\t\t\t\t<div class=\"elementor-element elementor-element-28f6bc1 elementor-widget elementor-widget-image\" data-id=\"28f6bc1\" data-element_type=\"widget\" data-widget_type=\"image.default\">\n\t\t\t\t<div class=\"elementor-widget-container\">\n\t\t\t<style>\/*! elementor - v3.6.1 - 23-03-2022 *\/\n.elementor-widget-image{text-align:center}.elementor-widget-image a{display:inline-block}.elementor-widget-image a img[src$=\".svg\"]{width:48px}.elementor-widget-image img{vertical-align:middle;display:inline-block}<\/style>\t\t\t\t\t\t\t\t\t\t\t\t<img width=\"1500\" height=\"1001\" src=\"https:\/\/www.fratellicane.com\/wp-content\/uploads\/2022\/02\/saldatura-altri-servizi-fratelli-cane.jpg\" class=\"attachment-full size-full\" alt=\"\" loading=\"lazy\" srcset=\"https:\/\/www.fratellicane.com\/wp-content\/uploads\/2022\/02\/saldatura-altri-servizi-fratelli-cane.jpg 1500w, https:\/\/www.fratellicane.com\/wp-content\/uploads\/2022\/02\/saldatura-altri-servizi-fratelli-cane-300x200.jpg 300w, https:\/\/www.fratellicane.com\/wp-content\/uploads\/2022\/02\/saldatura-altri-servizi-fratelli-cane-1024x683.jpg 1024w, https:\/\/www.fratellicane.com\/wp-content\/uploads\/2022\/02\/saldatura-altri-servizi-fratelli-cane-768x513.jpg 768w\" sizes=\"(max-width: 1500px) 100vw, 1500px\" \/>\t\t\t\t\t\t\t\t\t\t\t\t\t\t\t<\/div>\n\t\t\t\t<\/div>\n\t\t\t\t<div class=\"elementor-element elementor-element-eb8a8b3 elementor-widget elementor-widget-heading\" data-id=\"eb8a8b3\" data-element_type=\"widget\" data-widget_type=\"heading.default\">\n\t\t\t\t<div class=\"elementor-widget-container\">\n\t\t\t<h2 class=\"elementor-heading-title elementor-size-default\"> Schwei\u00dfen<\/h2>\t\t<\/div>\n\t\t\t\t<\/div>\n\t\t\t\t\t<\/div>\n\t\t<\/div>\n\t\t\t\t<div class=\"elementor-column elementor-col-33 elementor-inner-column elementor-element elementor-element-59c2c63\" data-id=\"59c2c63\" data-element_type=\"column\" data-settings=\"{&quot;background_background&quot;:&quot;classic&quot;}\">\n\t\t\t<div class=\"elementor-widget-wrap elementor-element-populated\">\n\t\t\t\t\t\t\t\t<div class=\"elementor-element elementor-element-172c588 elementor-widget elementor-widget-image\" data-id=\"172c588\" data-element_type=\"widget\" data-widget_type=\"image.default\">\n\t\t\t\t<div class=\"elementor-widget-container\">\n\t\t\t\t\t\t\t\t\t\t\t\t\t\t\t<img width=\"1500\" height=\"1001\" src=\"https:\/\/www.fratellicane.com\/wp-content\/uploads\/2021\/10\/assemblaggio-altri-servizi-fratelli-cane.jpg\" class=\"attachment-full size-full\" alt=\"\" loading=\"lazy\" srcset=\"https:\/\/www.fratellicane.com\/wp-content\/uploads\/2021\/10\/assemblaggio-altri-servizi-fratelli-cane.jpg 1500w, https:\/\/www.fratellicane.com\/wp-content\/uploads\/2021\/10\/assemblaggio-altri-servizi-fratelli-cane-300x200.jpg 300w, https:\/\/www.fratellicane.com\/wp-content\/uploads\/2021\/10\/assemblaggio-altri-servizi-fratelli-cane-1024x683.jpg 1024w, https:\/\/www.fratellicane.com\/wp-content\/uploads\/2021\/10\/assemblaggio-altri-servizi-fratelli-cane-768x513.jpg 768w\" sizes=\"(max-width: 1500px) 100vw, 1500px\" \/>\t\t\t\t\t\t\t\t\t\t\t\t\t\t\t<\/div>\n\t\t\t\t<\/div>\n\t\t\t\t<div class=\"elementor-element elementor-element-34bb970 elementor-widget elementor-widget-heading\" data-id=\"34bb970\" data-element_type=\"widget\" data-widget_type=\"heading.default\">\n\t\t\t\t<div class=\"elementor-widget-container\">\n\t\t\t<h2 class=\"elementor-heading-title elementor-size-default\"> Montage<\/h2>\t\t<\/div>\n\t\t\t\t<\/div>\n\t\t\t\t\t<\/div>\n\t\t<\/div>\n\t\t\t\t<div class=\"elementor-column elementor-col-33 elementor-inner-column elementor-element elementor-element-57c35d6\" data-id=\"57c35d6\" data-element_type=\"column\" data-settings=\"{&quot;background_background&quot;:&quot;classic&quot;}\">\n\t\t\t<div class=\"elementor-widget-wrap elementor-element-populated\">\n\t\t\t\t\t\t\t\t<div class=\"elementor-element elementor-element-685646b elementor-widget elementor-widget-image\" data-id=\"685646b\" data-element_type=\"widget\" data-widget_type=\"image.default\">\n\t\t\t\t<div class=\"elementor-widget-container\">\n\t\t\t\t\t\t\t\t\t\t\t\t\t\t\t<img width=\"1500\" height=\"1001\" src=\"https:\/\/www.fratellicane.com\/wp-content\/uploads\/2021\/10\/confezionamento-altri-servizi-fratelli-cane.jpg\" class=\"attachment-full size-full\" alt=\"\" loading=\"lazy\" srcset=\"https:\/\/www.fratellicane.com\/wp-content\/uploads\/2021\/10\/confezionamento-altri-servizi-fratelli-cane.jpg 1500w, https:\/\/www.fratellicane.com\/wp-content\/uploads\/2021\/10\/confezionamento-altri-servizi-fratelli-cane-300x200.jpg 300w, https:\/\/www.fratellicane.com\/wp-content\/uploads\/2021\/10\/confezionamento-altri-servizi-fratelli-cane-1024x683.jpg 1024w, https:\/\/www.fratellicane.com\/wp-content\/uploads\/2021\/10\/confezionamento-altri-servizi-fratelli-cane-768x513.jpg 768w\" sizes=\"(max-width: 1500px) 100vw, 1500px\" \/>\t\t\t\t\t\t\t\t\t\t\t\t\t\t\t<\/div>\n\t\t\t\t<\/div>\n\t\t\t\t<div class=\"elementor-element elementor-element-f6ec691 elementor-widget elementor-widget-heading\" data-id=\"f6ec691\" data-element_type=\"widget\" data-widget_type=\"heading.default\">\n\t\t\t\t<div class=\"elementor-widget-container\">\n\t\t\t<h2 class=\"elementor-heading-title elementor-size-default\"> Verpackung<\/h2>\t\t<\/div>\n\t\t\t\t<\/div>\n\t\t\t\t\t<\/div>\n\t\t<\/div>\n\t\t\t\t\t\t\t<\/div>\n\t\t<\/section>\n\t\t\t\t<section class=\"elementor-section elementor-inner-section elementor-element elementor-element-3ac6105 elementor-section-boxed elementor-section-height-default elementor-section-height-default\" data-id=\"3ac6105\" data-element_type=\"section\">\n\t\t\t\t\t\t<div class=\"elementor-container elementor-column-gap-default\">\n\t\t\t\t\t<div class=\"elementor-column elementor-col-33 elementor-inner-column elementor-element elementor-element-3d9cd84\" data-id=\"3d9cd84\" data-element_type=\"column\" data-settings=\"{&quot;background_background&quot;:&quot;classic&quot;}\">\n\t\t\t<div class=\"elementor-widget-wrap elementor-element-populated\">\n\t\t\t\t\t\t\t\t<div class=\"elementor-element elementor-element-52ea89d elementor-widget elementor-widget-image\" data-id=\"52ea89d\" data-element_type=\"widget\" data-widget_type=\"image.default\">\n\t\t\t\t<div class=\"elementor-widget-container\">\n\t\t\t\t\t\t\t\t\t\t\t\t\t\t\t<img width=\"1500\" height=\"1001\" src=\"https:\/\/www.fratellicane.com\/wp-content\/uploads\/2021\/10\/spedizione-altri-servizi-fratelli-cane.jpg\" class=\"attachment-full size-full\" alt=\"\" loading=\"lazy\" srcset=\"https:\/\/www.fratellicane.com\/wp-content\/uploads\/2021\/10\/spedizione-altri-servizi-fratelli-cane.jpg 1500w, https:\/\/www.fratellicane.com\/wp-content\/uploads\/2021\/10\/spedizione-altri-servizi-fratelli-cane-300x200.jpg 300w, https:\/\/www.fratellicane.com\/wp-content\/uploads\/2021\/10\/spedizione-altri-servizi-fratelli-cane-1024x683.jpg 1024w, https:\/\/www.fratellicane.com\/wp-content\/uploads\/2021\/10\/spedizione-altri-servizi-fratelli-cane-768x513.jpg 768w\" sizes=\"(max-width: 1500px) 100vw, 1500px\" \/>\t\t\t\t\t\t\t\t\t\t\t\t\t\t\t<\/div>\n\t\t\t\t<\/div>\n\t\t\t\t<div class=\"elementor-element elementor-element-321f96d elementor-widget elementor-widget-heading\" data-id=\"321f96d\" data-element_type=\"widget\" data-widget_type=\"heading.default\">\n\t\t\t\t<div class=\"elementor-widget-container\">\n\t\t\t<h2 class=\"elementor-heading-title elementor-size-default\">Versand<\/h2>\t\t<\/div>\n\t\t\t\t<\/div>\n\t\t\t\t\t<\/div>\n\t\t<\/div>\n\t\t\t\t<div class=\"elementor-column elementor-col-33 elementor-inner-column elementor-element elementor-element-f3b0873\" data-id=\"f3b0873\" data-element_type=\"column\" data-settings=\"{&quot;background_background&quot;:&quot;classic&quot;}\">\n\t\t\t<div class=\"elementor-widget-wrap elementor-element-populated\">\n\t\t\t\t\t\t\t\t<div class=\"elementor-element elementor-element-a25ad6a elementor-widget elementor-widget-image\" data-id=\"a25ad6a\" data-element_type=\"widget\" data-widget_type=\"image.default\">\n\t\t\t\t<div class=\"elementor-widget-container\">\n\t\t\t\t\t\t\t\t\t\t\t\t\t\t\t<img width=\"1500\" height=\"1001\" src=\"https:\/\/www.fratellicane.com\/wp-content\/uploads\/2021\/10\/ritiro-imballi-obsoleti-altri-servizi-fratelli-cane.jpg\" class=\"attachment-full size-full\" alt=\"\" loading=\"lazy\" srcset=\"https:\/\/www.fratellicane.com\/wp-content\/uploads\/2021\/10\/ritiro-imballi-obsoleti-altri-servizi-fratelli-cane.jpg 1500w, https:\/\/www.fratellicane.com\/wp-content\/uploads\/2021\/10\/ritiro-imballi-obsoleti-altri-servizi-fratelli-cane-300x200.jpg 300w, https:\/\/www.fratellicane.com\/wp-content\/uploads\/2021\/10\/ritiro-imballi-obsoleti-altri-servizi-fratelli-cane-1024x683.jpg 1024w, https:\/\/www.fratellicane.com\/wp-content\/uploads\/2021\/10\/ritiro-imballi-obsoleti-altri-servizi-fratelli-cane-768x513.jpg 768w\" sizes=\"(max-width: 1500px) 100vw, 1500px\" \/>\t\t\t\t\t\t\t\t\t\t\t\t\t\t\t<\/div>\n\t\t\t\t<\/div>\n\t\t\t\t<div class=\"elementor-element elementor-element-6818a08 elementor-widget elementor-widget-heading\" data-id=\"6818a08\" data-element_type=\"widget\" data-widget_type=\"heading.default\">\n\t\t\t\t<div class=\"elementor-widget-container\">\n\t\t\t<h2 class=\"elementor-heading-title elementor-size-default\">Sammlung veralteter Verpackungen<\/h2>\t\t<\/div>\n\t\t\t\t<\/div>\n\t\t\t\t\t<\/div>\n\t\t<\/div>\n\t\t\t\t<div class=\"elementor-column elementor-col-33 elementor-inner-column elementor-element elementor-element-4a0496c\" data-id=\"4a0496c\" data-element_type=\"column\" data-settings=\"{&quot;background_background&quot;:&quot;classic&quot;}\">\n\t\t\t<div class=\"elementor-widget-wrap\">\n\t\t\t\t\t\t\t\t\t<\/div>\n\t\t<\/div>\n\t\t\t\t\t\t\t<\/div>\n\t\t<\/section>\n\t\t\t\t<div class=\"elementor-element elementor-element-e2a41ee elementor-widget elementor-widget-spacer\" data-id=\"e2a41ee\" data-element_type=\"widget\" data-widget_type=\"spacer.default\">\n\t\t\t\t<div class=\"elementor-widget-container\">\n\t\t\t\t\t<div class=\"elementor-spacer\">\n\t\t\t<div class=\"elementor-spacer-inner\"><\/div>\n\t\t<\/div>\n\t\t\t\t<\/div>\n\t\t\t\t<\/div>\n\t\t\t\t<div class=\"elementor-element elementor-element-18a954b elementor-align-center elementor-widget elementor-widget-button\" data-id=\"18a954b\" data-element_type=\"widget\" data-widget_type=\"button.default\">\n\t\t\t\t<div class=\"elementor-widget-container\">\n\t\t\t\t\t<div class=\"elementor-button-wrapper\">\n\t\t\t<a href=\"https:\/\/www.fratellicane.com\/contatti\/\" class=\"elementor-button-link elementor-button elementor-size-sm\" role=\"button\">\n\t\t\t\t\t\t<span class=\"elementor-button-content-wrapper\">\n\t\t\t\t\t\t<span class=\"elementor-button-text\">Kontaktieren Sie uns <\/span>\n\t\t<\/span>\n\t\t\t\t\t<\/a>\n\t\t<\/div>\n\t\t\t\t<\/div>\n\t\t\t\t<\/div>\n\t\t\t\t\t<\/div>\n\t\t<\/div>\n\t\t\t\t\t\t\t<\/div>\n\t\t<\/section>\n\t\t\t\t\t\t\t<\/div>\n\t\t","protected":false},"excerpt":{"rendered":"<p>SONSTIGE DIENSTLEISTUNGEN Die folgenden zus\u00e4tzlichen Dienstleistungen stehen unseren Kunden zur Verf\u00fcgung: Schwei\u00dfen Montage Verpackung Versand Sammlung veralteter Verpackungen Kontaktieren Sie uns<\/p>\n","protected":false},"author":1,"featured_media":0,"parent":0,"menu_order":0,"comment_status":"closed","ping_status":"closed","template":"","meta":[],"yoast_head":"<!-- This site is optimized with the Yoast SEO plugin v18.4.1 - https:\/\/yoast.com\/wordpress\/plugins\/seo\/ -->\n<title>SONSTIGE DIENSTLEISTUNGEN - Fratelli Cane<\/title>\n<meta name=\"robots\" content=\"index, follow, max-snippet:-1, max-image-preview:large, max-video-preview:-1\" \/>\n<link rel=\"canonical\" href=\"https:\/\/www.fratellicane.com\/de\/altri-servizi\/\" \/>\n<meta property=\"og:locale\" content=\"de_DE\" \/>\n<meta property=\"og:type\" content=\"article\" \/>\n<meta property=\"og:title\" content=\"SONSTIGE DIENSTLEISTUNGEN - Fratelli Cane\" \/>\n<meta property=\"og:description\" content=\"SONSTIGE DIENSTLEISTUNGEN Die folgenden zus\u00e4tzlichen Dienstleistungen stehen unseren Kunden zur Verf\u00fcgung: Schwei\u00dfen Montage Verpackung Versand Sammlung veralteter Verpackungen Kontaktieren Sie uns\" \/>\n<meta property=\"og:url\" content=\"https:\/\/www.fratellicane.com\/de\/altri-servizi\/\" \/>\n<meta property=\"og:site_name\" content=\"Fratelli Cane\" \/>\n<meta property=\"article:modified_time\" content=\"2022-03-22T10:34:25+00:00\" \/>\n<meta property=\"og:image\" content=\"https:\/\/www.fratellicane.com\/wp-content\/uploads\/2022\/02\/saldatura-altri-servizi-fratelli-cane.jpg\" \/>\n<meta name=\"twitter:card\" content=\"summary_large_image\" \/>\n<meta name=\"twitter:label1\" content=\"Gesch\u00e4tzte Lesezeit\" \/>\n\t<meta name=\"twitter:data1\" content=\"2\u00a0Minuten\" \/>\n<script type=\"application\/ld+json\" class=\"yoast-schema-graph\">{\"@context\":\"https:\/\/schema.org\",\"@graph\":[{\"@type\":\"WebSite\",\"@id\":\"https:\/\/www.fratellicane.com\/de\/#website\",\"url\":\"https:\/\/www.fratellicane.com\/de\/\",\"name\":\"Fratelli Cane\",\"description\":\"Produzione e lavorazione materie plastiche\",\"potentialAction\":[{\"@type\":\"SearchAction\",\"target\":{\"@type\":\"EntryPoint\",\"urlTemplate\":\"https:\/\/www.fratellicane.com\/de\/?s={search_term_string}\"},\"query-input\":\"required name=search_term_string\"}],\"inLanguage\":\"de\"},{\"@type\":\"ImageObject\",\"@id\":\"https:\/\/www.fratellicane.com\/de\/altri-servizi\/#primaryimage\",\"inLanguage\":\"de\",\"url\":\"https:\/\/www.fratellicane.com\/wp-content\/uploads\/2022\/02\/saldatura-altri-servizi-fratelli-cane.jpg\",\"contentUrl\":\"https:\/\/www.fratellicane.com\/wp-content\/uploads\/2022\/02\/saldatura-altri-servizi-fratelli-cane.jpg\",\"width\":1500,\"height\":1001},{\"@type\":\"WebPage\",\"@id\":\"https:\/\/www.fratellicane.com\/de\/altri-servizi\/#webpage\",\"url\":\"https:\/\/www.fratellicane.com\/de\/altri-servizi\/\",\"name\":\"SONSTIGE DIENSTLEISTUNGEN - Fratelli Cane\",\"isPartOf\":{\"@id\":\"https:\/\/www.fratellicane.com\/de\/#website\"},\"primaryImageOfPage\":{\"@id\":\"https:\/\/www.fratellicane.com\/de\/altri-servizi\/#primaryimage\"},\"datePublished\":\"2021-10-26T13:52:18+00:00\",\"dateModified\":\"2022-03-22T10:34:25+00:00\",\"breadcrumb\":{\"@id\":\"https:\/\/www.fratellicane.com\/de\/altri-servizi\/#breadcrumb\"},\"inLanguage\":\"de\",\"potentialAction\":[{\"@type\":\"ReadAction\",\"target\":[[\"https:\/\/www.fratellicane.com\/de\/altri-servizi\/\"]]}]},{\"@type\":\"BreadcrumbList\",\"@id\":\"https:\/\/www.fratellicane.com\/de\/altri-servizi\/#breadcrumb\",\"itemListElement\":[{\"@type\":\"ListItem\",\"position\":1,\"name\":\"Home\",\"item\":\"https:\/\/www.fratellicane.com\/de\/\"},{\"@type\":\"ListItem\",\"position\":2,\"name\":\"Altri servizi\"}]}]}<\/script>\n<!-- \/ Yoast SEO plugin. -->","yoast_head_json":{"title":"SONSTIGE DIENSTLEISTUNGEN - Fratelli Cane","robots":{"index":"index","follow":"follow","max-snippet":"max-snippet:-1","max-image-preview":"max-image-preview:large","max-video-preview":"max-video-preview:-1"},"canonical":"https:\/\/www.fratellicane.com\/de\/altri-servizi\/","og_locale":"de_DE","og_type":"article","og_title":"SONSTIGE DIENSTLEISTUNGEN - Fratelli Cane","og_description":"SONSTIGE DIENSTLEISTUNGEN Die folgenden zus\u00e4tzlichen Dienstleistungen stehen unseren Kunden zur Verf\u00fcgung: Schwei\u00dfen Montage Verpackung Versand Sammlung veralteter Verpackungen Kontaktieren Sie uns","og_url":"https:\/\/www.fratellicane.com\/de\/altri-servizi\/","og_site_name":"Fratelli Cane","article_modified_time":"2022-03-22T10:34:25+00:00","og_image":[{"url":"https:\/\/www.fratellicane.com\/wp-content\/uploads\/2022\/02\/saldatura-altri-servizi-fratelli-cane.jpg"}],"twitter_card":"summary_large_image","twitter_misc":{"Gesch\u00e4tzte Lesezeit":"2\u00a0Minuten"},"schema":{"@context":"https:\/\/schema.org","@graph":[{"@type":"WebSite","@id":"https:\/\/www.fratellicane.com\/de\/#website","url":"https:\/\/www.fratellicane.com\/de\/","name":"Fratelli Cane","description":"Produzione e lavorazione materie plastiche","potentialAction":[{"@type":"SearchAction","target":{"@type":"EntryPoint","urlTemplate":"https:\/\/www.fratellicane.com\/de\/?s={search_term_string}"},"query-input":"required name=search_term_string"}],"inLanguage":"de"},{"@type":"ImageObject","@id":"https:\/\/www.fratellicane.com\/de\/altri-servizi\/#primaryimage","inLanguage":"de","url":"https:\/\/www.fratellicane.com\/wp-content\/uploads\/2022\/02\/saldatura-altri-servizi-fratelli-cane.jpg","contentUrl":"https:\/\/www.fratellicane.com\/wp-content\/uploads\/2022\/02\/saldatura-altri-servizi-fratelli-cane.jpg","width":1500,"height":1001},{"@type":"WebPage","@id":"https:\/\/www.fratellicane.com\/de\/altri-servizi\/#webpage","url":"https:\/\/www.fratellicane.com\/de\/altri-servizi\/","name":"SONSTIGE DIENSTLEISTUNGEN - Fratelli Cane","isPartOf":{"@id":"https:\/\/www.fratellicane.com\/de\/#website"},"primaryImageOfPage":{"@id":"https:\/\/www.fratellicane.com\/de\/altri-servizi\/#primaryimage"},"datePublished":"2021-10-26T13:52:18+00:00","dateModified":"2022-03-22T10:34:25+00:00","breadcrumb":{"@id":"https:\/\/www.fratellicane.com\/de\/altri-servizi\/#breadcrumb"},"inLanguage":"de","potentialAction":[{"@type":"ReadAction","target":[["https:\/\/www.fratellicane.com\/de\/altri-servizi\/"]]}]},{"@type":"BreadcrumbList","@id":"https:\/\/www.fratellicane.com\/de\/altri-servizi\/#breadcrumb","itemListElement":[{"@type":"ListItem","position":1,"name":"Home","item":"https:\/\/www.fratellicane.com\/de\/"},{"@type":"ListItem","position":2,"name":"Altri servizi"}]}]}},"acf":[],"_links":{"self":[{"href":"https:\/\/www.fratellicane.com\/de\/wp-json\/wp\/v2\/pages\/1305"}],"collection":[{"href":"https:\/\/www.fratellicane.com\/de\/wp-json\/wp\/v2\/pages"}],"about":[{"href":"https:\/\/www.fratellicane.com\/de\/wp-json\/wp\/v2\/types\/page"}],"author":[{"embeddable":true,"href":"https:\/\/www.fratellicane.com\/de\/wp-json\/wp\/v2\/users\/1"}],"replies":[{"embeddable":true,"href":"https:\/\/www.fratellicane.com\/de\/wp-json\/wp\/v2\/comments?post=1305"}],"version-history":[{"count":48,"href":"https:\/\/www.fratellicane.com\/de\/wp-json\/wp\/v2\/pages\/1305\/revisions"}],"predecessor-version":[{"id":2688,"href":"https:\/\/www.fratellicane.com\/de\/wp-json\/wp\/v2\/pages\/1305\/revisions\/2688"}],"wp:attachment":[{"href":"https:\/\/www.fratellicane.com\/de\/wp-json\/wp\/v2\/media?parent=1305"}],"curies":[{"name":"wp","href":"https:\/\/api.w.org\/{rel}","templated":true}]}}