{"id":1349,"date":"2021-10-26T14:15:11","date_gmt":"2021-10-26T14:15:11","guid":{"rendered":"https:\/\/www.fratellicane.com\/?page_id=1349"},"modified":"2022-03-20T13:12:13","modified_gmt":"2022-03-20T13:12:13","slug":"lavorazioni","status":"publish","type":"page","link":"https:\/\/www.fratellicane.com\/de\/verarbeitung\/","title":{"rendered":"VERARBEITUNG"},"content":{"rendered":"<div data-elementor-type=\"wp-page\" data-elementor-id=\"1349\" class=\"elementor elementor-1349\">\n\t\t\t\t\t\t\t\t\t<section class=\"elementor-section elementor-top-section elementor-element elementor-element-2b3e0d6 elementor-section-boxed elementor-section-height-default elementor-section-height-default\" data-id=\"2b3e0d6\" data-element_type=\"section\">\n\t\t\t\t\t\t<div class=\"elementor-container elementor-column-gap-default\">\n\t\t\t\t\t<div class=\"elementor-column elementor-col-100 elementor-top-column elementor-element elementor-element-0d929c0\" data-id=\"0d929c0\" data-element_type=\"column\">\n\t\t\t<div class=\"elementor-widget-wrap elementor-element-populated\">\n\t\t\t\t\t\t\t\t<div class=\"elementor-element elementor-element-ceb771d elementor-widget elementor-widget-shortcode\" data-id=\"ceb771d\" data-element_type=\"widget\" data-widget_type=\"shortcode.default\">\n\t\t\t\t<div class=\"elementor-widget-container\">\n\t\t\t\t\t<div class=\"elementor-shortcode\">\t\t<div data-elementor-type=\"section\" data-elementor-id=\"2420\" class=\"elementor elementor-2420\">\n\t\t<div class=\"elementor-section-wrap\">\n\t\t\t\t\t<section class=\"elementor-section elementor-top-section elementor-element elementor-element-0ca4815 elementor-section-boxed elementor-section-height-default elementor-section-height-default\" data-id=\"0ca4815\" data-element_type=\"section\">\n\t\t\t\t\t\t<div class=\"elementor-container elementor-column-gap-default\">\n\t\t\t\t\t<div class=\"elementor-column elementor-col-100 elementor-top-column elementor-element elementor-element-a9cdfb7\" data-id=\"a9cdfb7\" data-element_type=\"column\">\n\t\t\t<div class=\"elementor-widget-wrap elementor-element-populated\">\n\t\t\t\t\t\t\t\t<div class=\"elementor-element elementor-element-2ab8fb2 elementor-widget elementor-widget-wp-widget-bcn_widget\" data-id=\"2ab8fb2\" data-element_type=\"widget\" data-widget_type=\"wp-widget-bcn_widget.default\">\n\t\t\t\t<div class=\"elementor-widget-container\">\n\t\t\t<div class=\"breadcrumbs\" vocab=\"https:\/\/schema.org\/\" typeof=\"BreadcrumbList\"><!-- Breadcrumb NavXT 7.0.2 -->\n<span property=\"itemListElement\" typeof=\"ListItem\"><a property=\"item\" typeof=\"WebPage\" title=\"Vai a Fratelli Cane.\" href=\"https:\/\/www.fratellicane.com\/de\" class=\"home\" aria-current=\"page\"><span property=\"name\">Home<\/span><\/a><meta property=\"position\" content=\"1\"><\/span><\/div>\t\t<\/div>\n\t\t\t\t<\/div>\n\t\t\t\t<div class=\"elementor-element elementor-element-33d4c36 elementor-widget elementor-widget-heading\" data-id=\"33d4c36\" data-element_type=\"widget\" data-widget_type=\"heading.default\">\n\t\t\t\t<div class=\"elementor-widget-container\">\n\t\t\t<style>\/*! elementor - v3.6.1 - 23-03-2022 *\/\n.elementor-heading-title{padding:0;margin:0;line-height:1}.elementor-widget-heading .elementor-heading-title[class*=elementor-size-]>a{color:inherit;font-size:inherit;line-height:inherit}.elementor-widget-heading .elementor-heading-title.elementor-size-small{font-size:15px}.elementor-widget-heading .elementor-heading-title.elementor-size-medium{font-size:19px}.elementor-widget-heading .elementor-heading-title.elementor-size-large{font-size:29px}.elementor-widget-heading .elementor-heading-title.elementor-size-xl{font-size:39px}.elementor-widget-heading .elementor-heading-title.elementor-size-xxl{font-size:59px}<\/style><h2 class=\"elementor-heading-title elementor-size-default\">unsere <span>BEARBEITUNG<\/span><\/h2>\t\t<\/div>\n\t\t\t\t<\/div>\n\t\t\t\t<div class=\"elementor-element elementor-element-978c09d elementor-widget elementor-widget-text-editor\" data-id=\"978c09d\" data-element_type=\"widget\" data-widget_type=\"text-editor.default\">\n\t\t\t\t<div class=\"elementor-widget-container\">\n\t\t\t<style>\/*! elementor - v3.6.1 - 23-03-2022 *\/\n.elementor-widget-text-editor.elementor-drop-cap-view-stacked .elementor-drop-cap{background-color:#818a91;color:#fff}.elementor-widget-text-editor.elementor-drop-cap-view-framed .elementor-drop-cap{color:#818a91;border:3px solid;background-color:transparent}.elementor-widget-text-editor:not(.elementor-drop-cap-view-default) .elementor-drop-cap{margin-top:8px}.elementor-widget-text-editor:not(.elementor-drop-cap-view-default) .elementor-drop-cap-letter{width:1em;height:1em}.elementor-widget-text-editor .elementor-drop-cap{float:left;text-align:center;line-height:1;font-size:50px}.elementor-widget-text-editor .elementor-drop-cap-letter{display:inline-block}<\/style>\t\t\t\t<p><strong>Fratelli Cane<\/strong> verarbeitet seit \u00fcber sechzig Jahren Kunststoffe mit Hilfe der Spritzguss- und Extrusionsblasformtechnik. Wir statten die Produkte mit den notwendigen Anpassungen aus, die mit Hilfe verschiedener Technologien vorgenommen werden, von der Montage bis zur Verpackung.<br \/>Dank unserer Erfahrung k\u00f6nnen wir flexibel auf die neusten Marktentwicklungen reagieren, indem wir immer innovativere Techniken implementieren und dabei zukunftsorientiert und umweltschonend vorgehen.<br \/><\/p>\t\t\t\t\t\t<\/div>\n\t\t\t\t<\/div>\n\t\t\t\t<div class=\"elementor-element elementor-element-9f7144e elementor-widget elementor-widget-spacer\" data-id=\"9f7144e\" data-element_type=\"widget\" data-widget_type=\"spacer.default\">\n\t\t\t\t<div class=\"elementor-widget-container\">\n\t\t\t<style>\/*! elementor - v3.6.1 - 23-03-2022 *\/\n.e-container.e-container--row .elementor-spacer-inner{width:var(--spacer-size)}.e-container.e-container--column .elementor-spacer-inner,.elementor-column .elementor-spacer-inner{height:var(--spacer-size)}<\/style>\t\t<div class=\"elementor-spacer\">\n\t\t\t<div class=\"elementor-spacer-inner\"><\/div>\n\t\t<\/div>\n\t\t\t\t<\/div>\n\t\t\t\t<\/div>\n\t\t\t\t<section class=\"elementor-section elementor-inner-section elementor-element elementor-element-0b6c8f0 elementor-section-boxed elementor-section-height-default elementor-section-height-default\" data-id=\"0b6c8f0\" data-element_type=\"section\">\n\t\t\t\t\t\t<div class=\"elementor-container elementor-column-gap-default\">\n\t\t\t\t\t<div class=\"elementor-column elementor-col-25 elementor-inner-column elementor-element elementor-element-f3dc6eb\" data-id=\"f3dc6eb\" data-element_type=\"column\" data-settings=\"{&quot;background_background&quot;:&quot;classic&quot;}\">\n\t\t\t<div class=\"elementor-widget-wrap elementor-element-populated\">\n\t\t\t\t\t\t\t\t<div class=\"elementor-element elementor-element-5e3ff5c elementor-widget elementor-widget-image\" data-id=\"5e3ff5c\" data-element_type=\"widget\" data-widget_type=\"image.default\">\n\t\t\t\t<div class=\"elementor-widget-container\">\n\t\t\t<style>\/*! elementor - v3.6.1 - 23-03-2022 *\/\n.elementor-widget-image{text-align:center}.elementor-widget-image a{display:inline-block}.elementor-widget-image a img[src$=\".svg\"]{width:48px}.elementor-widget-image img{vertical-align:middle;display:inline-block}<\/style>\t\t\t\t\t\t\t\t\t\t\t\t<img src=\"https:\/\/www.fratellicane.com\/wp-content\/uploads\/elementor\/thumbs\/soffiaggio-lavorazioni-fratelli-cane-pm8whilqlstpl8pfwni7nx6x5pg9jay7ld5xc3iz40.jpg\" title=\"soffiaggio-lavorazioni-fratelli-cane\" alt=\"soffiaggio-lavorazioni-fratelli-cane\" \/>\t\t\t\t\t\t\t\t\t\t\t\t\t\t\t<\/div>\n\t\t\t\t<\/div>\n\t\t\t\t\t<\/div>\n\t\t<\/div>\n\t\t\t\t<div class=\"elementor-column elementor-col-25 elementor-inner-column elementor-element elementor-element-cafe24c\" data-id=\"cafe24c\" data-element_type=\"column\" data-settings=\"{&quot;background_background&quot;:&quot;classic&quot;}\">\n\t\t\t<div class=\"elementor-widget-wrap elementor-element-populated\">\n\t\t\t\t\t\t\t\t<div class=\"elementor-element elementor-element-c4f994d elementor-widget elementor-widget-heading\" data-id=\"c4f994d\" data-element_type=\"widget\" data-widget_type=\"heading.default\">\n\t\t\t\t<div class=\"elementor-widget-container\">\n\t\t\t<h2 class=\"elementor-heading-title elementor-size-default\"> Extrusionsblasformen<\/h2>\t\t<\/div>\n\t\t\t\t<\/div>\n\t\t\t\t<div class=\"elementor-element elementor-element-1de80cd elementor-widget elementor-widget-text-editor\" data-id=\"1de80cd\" data-element_type=\"widget\" data-widget_type=\"text-editor.default\">\n\t\t\t\t<div class=\"elementor-widget-container\">\n\t\t\t\t\t\t\tFratelli Cane verf\u00fcgt \u00fcber eine gro\u00dfe Erfahrung in einem Sektor, in dem sie haupts\u00e4chlich technische Artikel mit modernsten Anlagen von Branchenf\u00fchrern herstellt.\t\t\t\t\t\t<\/div>\n\t\t\t\t<\/div>\n\t\t\t\t<div class=\"elementor-element elementor-element-a817cd2 elementor-align-left elementor-widget elementor-widget-button\" data-id=\"a817cd2\" data-element_type=\"widget\" data-widget_type=\"button.default\">\n\t\t\t\t<div class=\"elementor-widget-container\">\n\t\t\t\t\t<div class=\"elementor-button-wrapper\">\n\t\t\t<a href=\"https:\/\/www.fratellicane.com\/lavorazioni\/soffiaggio\/\" class=\"elementor-button-link elementor-button elementor-size-sm\" role=\"button\">\n\t\t\t\t\t\t<span class=\"elementor-button-content-wrapper\">\n\t\t\t\t\t\t<span class=\"elementor-button-text\"> Weitere Informationen <\/span>\n\t\t<\/span>\n\t\t\t\t\t<\/a>\n\t\t<\/div>\n\t\t\t\t<\/div>\n\t\t\t\t<\/div>\n\t\t\t\t\t<\/div>\n\t\t<\/div>\n\t\t\t\t<div class=\"elementor-column elementor-col-25 elementor-inner-column elementor-element elementor-element-2def4b1\" data-id=\"2def4b1\" data-element_type=\"column\" data-settings=\"{&quot;background_background&quot;:&quot;classic&quot;}\">\n\t\t\t<div class=\"elementor-widget-wrap elementor-element-populated\">\n\t\t\t\t\t\t\t\t<div class=\"elementor-element elementor-element-ad77c37 elementor-widget elementor-widget-image\" data-id=\"ad77c37\" data-element_type=\"widget\" data-widget_type=\"image.default\">\n\t\t\t\t<div class=\"elementor-widget-container\">\n\t\t\t\t\t\t\t\t\t\t\t\t\t\t\t<img src=\"https:\/\/www.fratellicane.com\/wp-content\/uploads\/elementor\/thumbs\/stampa-a-caldo-personalizzazioni-fratelli-cane-pm8whilqlstpl8pfwni7nx6x5pg9jay7ld5xc3iz40.jpg\" title=\"stampa-a-caldo-personalizzazioni-fratelli-cane\" alt=\"Hei\u00dfpr\u00e4gung\" \/>\t\t\t\t\t\t\t\t\t\t\t\t\t\t\t<\/div>\n\t\t\t\t<\/div>\n\t\t\t\t\t<\/div>\n\t\t<\/div>\n\t\t\t\t<div class=\"elementor-column elementor-col-25 elementor-inner-column elementor-element elementor-element-263ac3b\" data-id=\"263ac3b\" data-element_type=\"column\" data-settings=\"{&quot;background_background&quot;:&quot;classic&quot;}\">\n\t\t\t<div class=\"elementor-widget-wrap elementor-element-populated\">\n\t\t\t\t\t\t\t\t<div class=\"elementor-element elementor-element-cc050d0 elementor-widget elementor-widget-heading\" data-id=\"cc050d0\" data-element_type=\"widget\" data-widget_type=\"heading.default\">\n\t\t\t\t<div class=\"elementor-widget-container\">\n\t\t\t<h2 class=\"elementor-heading-title elementor-size-default\">ANPASSUNGEN<\/h2>\t\t<\/div>\n\t\t\t\t<\/div>\n\t\t\t\t<div class=\"elementor-element elementor-element-5a34d5a elementor-widget elementor-widget-text-editor\" data-id=\"5a34d5a\" data-element_type=\"widget\" data-widget_type=\"text-editor.default\">\n\t\t\t\t<div class=\"elementor-widget-container\">\n\t\t\t\t\t\t\tDank der IML (IN MOULD LABEL)-Technologie, des Siebdrucks, des Tampondrucks und der Hei\u00dfpr\u00e4gung k\u00f6nnen wir unseren Kunden eine breite Palette von M\u00f6glichkeiten der Produktindividualisierung garantieren.\t\t\t\t\t\t<\/div>\n\t\t\t\t<\/div>\n\t\t\t\t<div class=\"elementor-element elementor-element-0b9ad86 elementor-align-left elementor-widget elementor-widget-button\" data-id=\"0b9ad86\" data-element_type=\"widget\" data-widget_type=\"button.default\">\n\t\t\t\t<div class=\"elementor-widget-container\">\n\t\t\t\t\t<div class=\"elementor-button-wrapper\">\n\t\t\t<a href=\"https:\/\/www.fratellicane.com\/lavorazioni\/personalizzazioni\/\" class=\"elementor-button-link elementor-button elementor-size-sm\" role=\"button\">\n\t\t\t\t\t\t<span class=\"elementor-button-content-wrapper\">\n\t\t\t\t\t\t<span class=\"elementor-button-text\"> Weitere Informationen <\/span>\n\t\t<\/span>\n\t\t\t\t\t<\/a>\n\t\t<\/div>\n\t\t\t\t<\/div>\n\t\t\t\t<\/div>\n\t\t\t\t\t<\/div>\n\t\t<\/div>\n\t\t\t\t\t\t\t<\/div>\n\t\t<\/section>\n\t\t\t\t<section class=\"elementor-section elementor-inner-section elementor-element elementor-element-c5a5d60 elementor-reverse-tablet elementor-reverse-mobile elementor-section-boxed elementor-section-height-default elementor-section-height-default\" data-id=\"c5a5d60\" data-element_type=\"section\">\n\t\t\t\t\t\t<div class=\"elementor-container elementor-column-gap-default\">\n\t\t\t\t\t<div class=\"elementor-column elementor-col-25 elementor-inner-column elementor-element elementor-element-0594cd8\" data-id=\"0594cd8\" data-element_type=\"column\" data-settings=\"{&quot;background_background&quot;:&quot;classic&quot;}\">\n\t\t\t<div class=\"elementor-widget-wrap elementor-element-populated\">\n\t\t\t\t\t\t\t\t<div class=\"elementor-element elementor-element-474db9d elementor-widget elementor-widget-heading\" data-id=\"474db9d\" data-element_type=\"widget\" data-widget_type=\"heading.default\">\n\t\t\t\t<div class=\"elementor-widget-container\">\n\t\t\t<h2 class=\"elementor-heading-title elementor-size-default\">Spritzguss<\/h2>\t\t<\/div>\n\t\t\t\t<\/div>\n\t\t\t\t<div class=\"elementor-element elementor-element-0a9aecd elementor-widget elementor-widget-text-editor\" data-id=\"0a9aecd\" data-element_type=\"widget\" data-widget_type=\"text-editor.default\">\n\t\t\t\t<div class=\"elementor-widget-container\">\n\t\t\t\t\t\t\t<p>Wir verf\u00fcgen \u00fcber eine gro\u00dfe Anzahl von Pressen mit einer Tonnage von bis zu 1.100 Tonnen, alle Teil der neuesten Generation, mit denen wir Artikel aus einer Vielzahl von Materialien in verschiedenen Bereichen herstellen.<\/p>\t\t\t\t\t\t<\/div>\n\t\t\t\t<\/div>\n\t\t\t\t<div class=\"elementor-element elementor-element-d7b5b07 elementor-align-left elementor-widget elementor-widget-button\" data-id=\"d7b5b07\" data-element_type=\"widget\" data-widget_type=\"button.default\">\n\t\t\t\t<div class=\"elementor-widget-container\">\n\t\t\t\t\t<div class=\"elementor-button-wrapper\">\n\t\t\t<a href=\"https:\/\/www.fratellicane.com\/lavorazioni\/stampaggio\/\" class=\"elementor-button-link elementor-button elementor-size-sm\" role=\"button\">\n\t\t\t\t\t\t<span class=\"elementor-button-content-wrapper\">\n\t\t\t\t\t\t<span class=\"elementor-button-text\"> Weitere Informationen <\/span>\n\t\t<\/span>\n\t\t\t\t\t<\/a>\n\t\t<\/div>\n\t\t\t\t<\/div>\n\t\t\t\t<\/div>\n\t\t\t\t\t<\/div>\n\t\t<\/div>\n\t\t\t\t<div class=\"elementor-column elementor-col-25 elementor-inner-column elementor-element elementor-element-ea12932\" data-id=\"ea12932\" data-element_type=\"column\" data-settings=\"{&quot;background_background&quot;:&quot;classic&quot;}\">\n\t\t\t<div class=\"elementor-widget-wrap elementor-element-populated\">\n\t\t\t\t\t\t\t\t<div class=\"elementor-element elementor-element-dc5f82e elementor-widget elementor-widget-image\" data-id=\"dc5f82e\" data-element_type=\"widget\" data-widget_type=\"image.default\">\n\t\t\t\t<div class=\"elementor-widget-container\">\n\t\t\t\t\t\t\t\t\t\t\t\t\t\t\t<img src=\"https:\/\/www.fratellicane.com\/wp-content\/uploads\/elementor\/thumbs\/stampaggio-lavorazioni-fratelli-cane-pm8whilqlstpl8pfwni7nx6x5pg9jay7ld5xc3iz40.jpg\" title=\"stampaggio-lavorazioni-fratelli-cane\" alt=\"stampaggio-lavorazioni-fratelli-cane\" \/>\t\t\t\t\t\t\t\t\t\t\t\t\t\t\t<\/div>\n\t\t\t\t<\/div>\n\t\t\t\t\t<\/div>\n\t\t<\/div>\n\t\t\t\t<div class=\"elementor-column elementor-col-25 elementor-inner-column elementor-element elementor-element-810d6b8\" data-id=\"810d6b8\" data-element_type=\"column\" data-settings=\"{&quot;background_background&quot;:&quot;classic&quot;}\">\n\t\t\t<div class=\"elementor-widget-wrap elementor-element-populated\">\n\t\t\t\t\t\t\t\t<div class=\"elementor-element elementor-element-dac29d3 elementor-widget elementor-widget-heading\" data-id=\"dac29d3\" data-element_type=\"widget\" data-widget_type=\"heading.default\">\n\t\t\t\t<div class=\"elementor-widget-container\">\n\t\t\t<h2 class=\"elementor-heading-title elementor-size-default\">Design<\/h2>\t\t<\/div>\n\t\t\t\t<\/div>\n\t\t\t\t<div class=\"elementor-element elementor-element-d9cb9ae elementor-widget elementor-widget-text-editor\" data-id=\"d9cb9ae\" data-element_type=\"widget\" data-widget_type=\"text-editor.default\">\n\t\t\t\t<div class=\"elementor-widget-container\">\n\t\t\t\t\t\t\t Fratelli Cane ist in der Lage, den Kunden w\u00e4hrend des gesamten Designprozesses, von der Idee bis zur Herstellung der Produkte, zu unterst\u00fctzen.\t\t\t\t\t\t<\/div>\n\t\t\t\t<\/div>\n\t\t\t\t<div class=\"elementor-element elementor-element-a87939f elementor-align-left elementor-widget elementor-widget-button\" data-id=\"a87939f\" data-element_type=\"widget\" data-widget_type=\"button.default\">\n\t\t\t\t<div class=\"elementor-widget-container\">\n\t\t\t\t\t<div class=\"elementor-button-wrapper\">\n\t\t\t<a href=\"https:\/\/www.fratellicane.com\/lavorazioni\/progettazione\/\" class=\"elementor-button-link elementor-button elementor-size-sm\" role=\"button\">\n\t\t\t\t\t\t<span class=\"elementor-button-content-wrapper\">\n\t\t\t\t\t\t<span class=\"elementor-button-text\"> Weitere Informationen <\/span>\n\t\t<\/span>\n\t\t\t\t\t<\/a>\n\t\t<\/div>\n\t\t\t\t<\/div>\n\t\t\t\t<\/div>\n\t\t\t\t\t<\/div>\n\t\t<\/div>\n\t\t\t\t<div class=\"elementor-column elementor-col-25 elementor-inner-column elementor-element elementor-element-5b6cda7\" data-id=\"5b6cda7\" data-element_type=\"column\" data-settings=\"{&quot;background_background&quot;:&quot;classic&quot;}\">\n\t\t\t<div class=\"elementor-widget-wrap elementor-element-populated\">\n\t\t\t\t\t\t\t\t<div class=\"elementor-element elementor-element-53bbb90 elementor-widget elementor-widget-image\" data-id=\"53bbb90\" data-element_type=\"widget\" data-widget_type=\"image.default\">\n\t\t\t\t<div class=\"elementor-widget-container\">\n\t\t\t\t\t\t\t\t\t\t\t\t\t\t\t<img src=\"https:\/\/www.fratellicane.com\/wp-content\/uploads\/elementor\/thumbs\/progettazione-lavorazioni-fratelli-cane-pm8whilmy8fuamvybu88skttnud6a5bvchwkuxkbz4.jpg\" title=\"progettazione-lavorazioni-fratelli-cane\" alt=\"progettazione-lavorazioni-fratelli-cane\" \/>\t\t\t\t\t\t\t\t\t\t\t\t\t\t\t<\/div>\n\t\t\t\t<\/div>\n\t\t\t\t\t<\/div>\n\t\t<\/div>\n\t\t\t\t\t\t\t<\/div>\n\t\t<\/section>\n\t\t\t\t\t<\/div>\n\t\t<\/div>\n\t\t\t\t\t\t\t<\/div>\n\t\t<\/section>\n\t\t\t\t<\/div>\n\t\t<\/div>\n\t\t<\/div>\n\t\t\t\t<\/div>\n\t\t\t\t<\/div>\n\t\t\t\t\t<\/div>\n\t\t<\/div>\n\t\t\t\t\t\t\t<\/div>\n\t\t<\/section>\n\t\t\t\t\t\t\t<\/div>","protected":false},"excerpt":{"rendered":"","protected":false},"author":1,"featured_media":0,"parent":0,"menu_order":0,"comment_status":"closed","ping_status":"closed","template":"","meta":[],"yoast_head":"<!-- This site is optimized with the Yoast SEO plugin v18.4.1 - https:\/\/yoast.com\/wordpress\/plugins\/seo\/ -->\n<title>VERARBEITUNG - Fratelli Cane<\/title>\n<meta name=\"robots\" content=\"index, follow, max-snippet:-1, max-image-preview:large, max-video-preview:-1\" \/>\n<link rel=\"canonical\" href=\"https:\/\/www.fratellicane.com\/de\/lavorazioni\/\" \/>\n<meta property=\"og:locale\" content=\"de_DE\" \/>\n<meta property=\"og:type\" content=\"article\" \/>\n<meta property=\"og:title\" content=\"VERARBEITUNG - Fratelli Cane\" \/>\n<meta property=\"og:url\" content=\"https:\/\/www.fratellicane.com\/de\/lavorazioni\/\" \/>\n<meta property=\"og:site_name\" content=\"Fratelli Cane\" \/>\n<meta property=\"article:modified_time\" content=\"2022-03-20T13:12:13+00:00\" \/>\n<meta name=\"twitter:card\" content=\"summary_large_image\" \/>\n<meta name=\"twitter:label1\" content=\"Gesch\u00e4tzte Lesezeit\" \/>\n\t<meta name=\"twitter:data1\" content=\"10\u00a0Minuten\" \/>\n<script type=\"application\/ld+json\" class=\"yoast-schema-graph\">{\"@context\":\"https:\/\/schema.org\",\"@graph\":[{\"@type\":\"WebSite\",\"@id\":\"https:\/\/www.fratellicane.com\/de\/#website\",\"url\":\"https:\/\/www.fratellicane.com\/de\/\",\"name\":\"Fratelli Cane\",\"description\":\"Produzione e lavorazione materie plastiche\",\"potentialAction\":[{\"@type\":\"SearchAction\",\"target\":{\"@type\":\"EntryPoint\",\"urlTemplate\":\"https:\/\/www.fratellicane.com\/de\/?s={search_term_string}\"},\"query-input\":\"required name=search_term_string\"}],\"inLanguage\":\"de\"},{\"@type\":\"WebPage\",\"@id\":\"https:\/\/www.fratellicane.com\/de\/lavorazioni\/#webpage\",\"url\":\"https:\/\/www.fratellicane.com\/de\/lavorazioni\/\",\"name\":\"VERARBEITUNG - Fratelli Cane\",\"isPartOf\":{\"@id\":\"https:\/\/www.fratellicane.com\/de\/#website\"},\"datePublished\":\"2021-10-26T14:15:11+00:00\",\"dateModified\":\"2022-03-20T13:12:13+00:00\",\"breadcrumb\":{\"@id\":\"https:\/\/www.fratellicane.com\/de\/lavorazioni\/#breadcrumb\"},\"inLanguage\":\"de\",\"potentialAction\":[{\"@type\":\"ReadAction\",\"target\":[[\"https:\/\/www.fratellicane.com\/de\/lavorazioni\/\"]]}]},{\"@type\":\"BreadcrumbList\",\"@id\":\"https:\/\/www.fratellicane.com\/de\/lavorazioni\/#breadcrumb\",\"itemListElement\":[{\"@type\":\"ListItem\",\"position\":1,\"name\":\"Home\",\"item\":\"https:\/\/www.fratellicane.com\/de\/\"},{\"@type\":\"ListItem\",\"position\":2,\"name\":\"Lavorazioni\"}]}]}<\/script>\n<!-- \/ Yoast SEO plugin. -->","yoast_head_json":{"title":"VERARBEITUNG - Fratelli Cane","robots":{"index":"index","follow":"follow","max-snippet":"max-snippet:-1","max-image-preview":"max-image-preview:large","max-video-preview":"max-video-preview:-1"},"canonical":"https:\/\/www.fratellicane.com\/de\/lavorazioni\/","og_locale":"de_DE","og_type":"article","og_title":"VERARBEITUNG - Fratelli Cane","og_url":"https:\/\/www.fratellicane.com\/de\/lavorazioni\/","og_site_name":"Fratelli Cane","article_modified_time":"2022-03-20T13:12:13+00:00","twitter_card":"summary_large_image","twitter_misc":{"Gesch\u00e4tzte Lesezeit":"10\u00a0Minuten"},"schema":{"@context":"https:\/\/schema.org","@graph":[{"@type":"WebSite","@id":"https:\/\/www.fratellicane.com\/de\/#website","url":"https:\/\/www.fratellicane.com\/de\/","name":"Fratelli Cane","description":"Produzione e lavorazione materie plastiche","potentialAction":[{"@type":"SearchAction","target":{"@type":"EntryPoint","urlTemplate":"https:\/\/www.fratellicane.com\/de\/?s={search_term_string}"},"query-input":"required name=search_term_string"}],"inLanguage":"de"},{"@type":"WebPage","@id":"https:\/\/www.fratellicane.com\/de\/lavorazioni\/#webpage","url":"https:\/\/www.fratellicane.com\/de\/lavorazioni\/","name":"VERARBEITUNG - Fratelli Cane","isPartOf":{"@id":"https:\/\/www.fratellicane.com\/de\/#website"},"datePublished":"2021-10-26T14:15:11+00:00","dateModified":"2022-03-20T13:12:13+00:00","breadcrumb":{"@id":"https:\/\/www.fratellicane.com\/de\/lavorazioni\/#breadcrumb"},"inLanguage":"de","potentialAction":[{"@type":"ReadAction","target":[["https:\/\/www.fratellicane.com\/de\/lavorazioni\/"]]}]},{"@type":"BreadcrumbList","@id":"https:\/\/www.fratellicane.com\/de\/lavorazioni\/#breadcrumb","itemListElement":[{"@type":"ListItem","position":1,"name":"Home","item":"https:\/\/www.fratellicane.com\/de\/"},{"@type":"ListItem","position":2,"name":"Lavorazioni"}]}]}},"acf":[],"_links":{"self":[{"href":"https:\/\/www.fratellicane.com\/de\/wp-json\/wp\/v2\/pages\/1349"}],"collection":[{"href":"https:\/\/www.fratellicane.com\/de\/wp-json\/wp\/v2\/pages"}],"about":[{"href":"https:\/\/www.fratellicane.com\/de\/wp-json\/wp\/v2\/types\/page"}],"author":[{"embeddable":true,"href":"https:\/\/www.fratellicane.com\/de\/wp-json\/wp\/v2\/users\/1"}],"replies":[{"embeddable":true,"href":"https:\/\/www.fratellicane.com\/de\/wp-json\/wp\/v2\/comments?post=1349"}],"version-history":[{"count":53,"href":"https:\/\/www.fratellicane.com\/de\/wp-json\/wp\/v2\/pages\/1349\/revisions"}],"predecessor-version":[{"id":2653,"href":"https:\/\/www.fratellicane.com\/de\/wp-json\/wp\/v2\/pages\/1349\/revisions\/2653"}],"wp:attachment":[{"href":"https:\/\/www.fratellicane.com\/de\/wp-json\/wp\/v2\/media?parent=1349"}],"curies":[{"name":"wp","href":"https:\/\/api.w.org\/{rel}","templated":true}]}}